{"id":49,"date":"2020-10-12T08:53:57","date_gmt":"2020-10-12T08:53:57","guid":{"rendered":"https:\/\/wichtelhaus-online.de\/?page_id=49"},"modified":"2025-10-28T20:31:09","modified_gmt":"2025-10-28T20:31:09","slug":"impressum","status":"publish","type":"page","link":"https:\/\/wichtelhaus-online.de\/?page_id=49","title":{"rendered":"Impressum"},"content":{"rendered":"\n<p>(Anbieterkennzeichnung)<\/p>\n\n\n\n<p>Hinweis nach \u00a7 6 TDG<\/p>\n\n\n\n<p>Die nachstehenden Informationen enthalten die gesetzlich vorgesehenen Pflichtangaben zur Anbieterkennzeichnung auf der Internet-Pr\u00e4senz der Eltern-Selbsthilfe Wichtelhaus e.V.<\/p>\n\n\n\n<p>ANBIETER<br>Eltern-Selbsthilfe Wichtelhaus e.V.<br>Wahner Str. 8<br>51143 K\u00f6ln, Deutschland<br>Tel. (02203) 88 146<br>Fax (02203) 80 92 066<br>E-Mail:\u00a0<a href=\"mailto:kita@wichtelhaus-online.de\">kita@wichtelhaus-online.de<\/a><\/p>\n\n\n\n<p>VEREINSREGISTER<br>Die Eltern-Selbsthilfe Wichtelhaus e.V. ist unter der Registernummer VR 10744 im Vereinsregister des Amtgerichts K\u00f6ln eingetragen.<\/p>\n\n\n\n<p>VERTRETUNGSBERECHTIGTER<br>Die Eltern-Selbsthilfe Wichtelhaus e.V. wird vertreten durch den Vorstand:<br>Patrizia Kruschke,                                                                                                                               Stephanie Spahn, <br>Thomas Jackelen,<br>Sebastian Oetkers, <br>Lukas L\u00fcpfert<br>(gem\u00e4\u00df \u00a7 7 Absatz 1 der\u00a0Satzung\u00a0der Eltern-Selbsthilfe Wichtelhaus e.V.)<\/p>\n\n\n\n<p>F\u00fcr Anfragen an den Vorstand: <a href=\"mailto:vorstand@wichtelhaus-online.de\">vorstand@wichtelhaus-online.de<\/a><\/p>\n\n\n\n<p>Alle Rechte vorbehalten. Die auf der Website verwendeten Texte, Bilder, Grafiken, Dateien usw. unterliegen auch ohne gesonderte Kenzeichnung dem Urheberrecht und anderen Gesetzen zum Schutz des geistigen Eigentums. Ihre Weitergabe, Ver\u00e4nderung, gewerbliche Nutzung oder Verwendung in anderen Websites oder Medien ist nicht gestattet.<\/p>\n\n\n\n<p>HAFTUNGSHINWEIS<br>Trotz sorgf\u00e4ltiger inhaltlicher Kontrolle \u00fcbernimmt der Anbieter keine Haftung f\u00fcr die Inhalte externer Links. F\u00fcr den Inhalt der verlinkten Seiten sind ausschlie\u00dflich deren Betreiber verantwortlich. Sollte der Anbieter auf Ihre Webpr\u00e4senz verweisen und Sie w\u00fcnschen das nicht, senden Sie bitte eine Nachricht an\u00a0<a href=\"mailto:vorstand@wichtelhaus-online.de\">vorstand@wichtelhaus-online.de<\/a>.<\/p>\n\n\n\n<p>Der Anbieter \u00fcbernimmt keine Garantie daf\u00fcr, dass die auf dieser Website bereit gestellten Informationen vollst\u00e4ndig, richtig und in jedem Fall aktuell sind. Dies gilt auch f\u00fcr alle Verbindungen (&#8222;Links&#8220;), auf die diese Website direkt oder indirekt verweist. Der Anbieter beh\u00e4lt sich das Recht vor, ohne vorherige Ank\u00fcndigung \u00c4nderungen oder Erg\u00e4nzungen der bereitgestellten Informationen vorzunehmen.<\/p>\n\n\n\n<p>Sollten sie sich innerhalb dieses Internetangebotes Dateien herunter laden, so erfolgt deren Nutzung auf eigene Gefahr. F\u00fcr evtl. Sch\u00e4den an EDV-Systemen \u00fcbernehmen wir keine Haftung.<\/p>\n\n\n\n<p>DATENSCHUTZ<br>In Verbindung mit Ihrer Nutzung dieses Internetangebots werden auf dem Server Protokolle \u00fcber Ihre Zugriffe gespeichert. Das sind Daten \u00fcber die IP-Adresse Ihres Rechners oder des Proxy-Servers, die Seite, von der aus die Datei angefordert wurde, der Name der angeforderten Datei, das Datum, Uhrzeit und Dauer der Anforderung, die \u00fcbertragene Datenmenge, der Browser sowie der Zugriffsstatus. Diese gespeicherten Daten werden ausschlie\u00dflich zu statistischen Zwecken ausgewertet und auf keinen Fall an Dritte weitergeleitet. Es findet keine personenbezogene Verwertung statt.<\/p>\n\n\n\n<p>Sofern innerhalb des Internetangebotes die M\u00f6glichkeit zur Eingabe pers\u00f6nlicher Daten (E-Mail-Adressen, Namen, Anschriften) besteht, so erfolgt die Preisgabe dieser Daten seitens des Nutzers auf ausdr\u00fccklich freiwilliger Basis. Die Inanspruchnahme aller angebotenen Dienste ist &#8211; soweit technisch m\u00f6glich und zumutbar &#8211; auch ohne Angabe solcher Daten bzw. unter Angabe anonymisierter Daten oder eines Pseudonyms gestattet.<\/p>\n\n\n\n<p>Die Nutzung der im Rahmen des Impressums oder vergleichbarer Angaben ver\u00f6ffentlichten Kontaktdaten wie Postanschriften, Telefon- und Faxnummern sowie E-Mail-Adressen durch Dritte zur \u00dcbersendung von nicht ausdr\u00fccklich angeforderten Informationen ist nicht gestattet. Rechtliche Schritte gegen die Versender von sogenannten Spam-Mails bei Verst\u00f6\u00dfen gegen dieses Verbot sind ausdr\u00fccklich vorbehalten.<\/p>\n","protected":false},"excerpt":{"rendered":"<p>(Anbieterkennzeichnung) Hinweis nach \u00a7 6 TDG Die nachstehenden Informationen enthalten die gesetzlich vorgesehenen Pflichtangaben zur Anbieterkennzeichnung auf der Internet-Pr\u00e4senz der Eltern-Selbsthilfe Wichtelhaus e.V. ANBIETEREltern-Selbsthilfe Wichtelhaus e.V.Wahner Str. 851143 K\u00f6ln, DeutschlandTel. (02203) 88 146Fax (02203) 80 92 066E-Mail:\u00a0kita@wichtelhaus-online.de VEREINSREGISTERDie Eltern-Selbsthilfe Wichtelhaus e.V. ist unter der Registernummer VR 10744 im Vereinsregister des Amtgerichts K\u00f6ln eingetragen. VERTRETUNGSBERECHTIGTERDie Eltern-Selbsthilfe [&hellip;]<\/p>\n","protected":false},"author":1,"featured_media":0,"parent":0,"menu_order":0,"comment_status":"closed","ping_status":"closed","template":"","meta":[],"_links":{"self":[{"href":"https:\/\/wichtelhaus-online.de\/index.php?rest_route=\/wp\/v2\/pages\/49"}],"collection":[{"href":"https:\/\/wichtelhaus-online.de\/index.php?rest_route=\/wp\/v2\/pages"}],"about":[{"href":"https:\/\/wichtelhaus-online.de\/index.php?rest_route=\/wp\/v2\/types\/page"}],"author":[{"embeddable":true,"href":"https:\/\/wichtelhaus-online.de\/index.php?rest_route=\/wp\/v2\/users\/1"}],"replies":[{"embeddable":true,"href":"https:\/\/wichtelhaus-online.de\/index.php?rest_route=%2Fwp%2Fv2%2Fcomments&post=49"}],"version-history":[{"count":9,"href":"https:\/\/wichtelhaus-online.de\/index.php?rest_route=\/wp\/v2\/pages\/49\/revisions"}],"predecessor-version":[{"id":336,"href":"https:\/\/wichtelhaus-online.de\/index.php?rest_route=\/wp\/v2\/pages\/49\/revisions\/336"}],"wp:attachment":[{"href":"https:\/\/wichtelhaus-online.de\/index.php?rest_route=%2Fwp%2Fv2%2Fmedia&parent=49"}],"curies":[{"name":"wp","href":"https:\/\/api.w.org\/{rel}","templated":true}]}}