{"id":47,"date":"2020-10-12T08:51:26","date_gmt":"2020-10-12T08:51:26","guid":{"rendered":"https:\/\/wichtelhaus-online.de\/?page_id=47"},"modified":"2020-10-12T08:51:27","modified_gmt":"2020-10-12T08:51:27","slug":"datenschutz","status":"publish","type":"page","link":"https:\/\/wichtelhaus-online.de\/?page_id=47","title":{"rendered":"Datenschutz"},"content":{"rendered":"\n<p><strong>Datenschutzerkl\u00e4rung<\/strong><\/p>\n\n\n\n<p><br><br>Personenbezogene Daten: Personenbezogene Daten sind Informationen, die dazu genutzt werden k\u00f6nnen, Ihre Identit\u00e4t zu erfahren. Darunter fallen Informationen wie Ihr richtiger Name, Adresse, Postanschrift, Telefonnummer. Informationen, die nicht direkt mit Ihrer wirklichen Identit\u00e4t in Verbindung gebracht werden (wie zum Beispiel favorisierte Webseiten oder Anzahl der Nutzer einer Site) fallen nicht darunter.<br><br>Sie k\u00f6nnen unser Online-Angebot grunds\u00e4tzlich ohne Offenlegung Ihrer Identit\u00e4t nutzen.<br><br>Ihre Angaben speichern wir auf besonders gesch\u00fctzten Servern in Deutschland. Der Zugriff darauf ist nur wenigen besonders befugten Personen m\u00f6glich, die mit der technischen, kaufm\u00e4nnischen oder redaktionellen Betreuung der Server befasst sind.<br><br>Speicherung von IP-Adressen: In Verbindung mit Ihrem Zugriff werden auf unseren Servern Daten f\u00fcr Sicherungszwecke gespeichert, die m\u00f6glicherweise eine Identifizierung zulassen (zum Beispiel IP-Adresse, Datum, Uhrzeit und betrachtete Seiten). Es findet keine personenbezogene Verwertung statt. IP-Adressen speichern wir \u00fcber einen Zeitraum von maximal sieben Tagen. Die Speicherung erfolgt aus Gr\u00fcnden der Datensicherheit, um die Stabilit\u00e4t und die Betriebssicherheit unseres Systems zu gew\u00e4hrleisten.<br><br>Cookies, Tracking und externe Dienstleister: In einigen Bereichen unseres Angebots verwenden wir Cookies, um Benutzerfunktionen zu realisieren. Auf bestimmten Seiten werden Anzeigen von Unternehmen oder Agenturen direkt geliefert. Hier kommen m\u00f6glicherweise Cookies zum Einsatz, ohne dass wir Sie darauf hinweisen k\u00f6nnen.<br><br>Umfang der Verarbeitung personenbezogener Daten: Wir verarbeiten personenbezogene Daten unserer Nutzer grunds\u00e4tzlich nur, soweit dies zur Bereitstellung einer funktionsf\u00e4higen Website sowie unserer Inhalte und Leistungen erforderlich ist. Die Verarbeitung personenbezogener Daten unserer Nutzer erfolgt regelm\u00e4\u00dfig nur nach Einwilligung des Nutzers. Eine Ausnahme gilt in solchen F\u00e4llen, in denen eine vorherige Einholung einer Einwilligung aus tats\u00e4chlichen Gr\u00fcnden nicht m\u00f6glich ist und die Verarbeitung der Daten durch gesetzliche Vorschriften gestattet ist.<br><br>Rechtsgrundlage f\u00fcr die Verarbeitung personenbezogener Daten: Soweit wir f\u00fcr Verarbeitungsvorg\u00e4nge personenbezogener Daten eine Einwilligung der betroffenen Person einholen, dient Art.&nbsp;6 Abs.&nbsp;1 lit.&nbsp;a EU-Datenschutzgrundverordnung (DSGVO) als Rechtsgrundlage. Bei der Verarbeitung von personenbezogenen Daten, die zur Erf\u00fcllung eines Vertrages, dessen Vertragspartei die betroffene Person ist, erforderlich ist, dient Art.&nbsp;6 Abs.&nbsp;1 lit.&nbsp;b DSGVO als Rechtsgrundlage. Dies gilt auch f\u00fcr Verarbeitungsvorg\u00e4nge, die zur Durchf\u00fchrung vorvertraglicher Ma\u00dfnahmen erforderlich sind. Soweit eine Verarbeitung personenbezogener Daten zur Erf\u00fcllung einer rechtlichen Verpflichtung erforderlich ist, der unser Unternehmen unterliegt, dient Art.&nbsp;6 Abs.&nbsp;1 lit.&nbsp;c DSGVO als Rechtsgrundlage. F\u00fcr den Fall, dass lebenswichtige Interessen der betroffenen Person oder einer anderen nat\u00fcrlichen Person eine Verarbeitung personenbezogener Daten erforderlich machen, dient Art.&nbsp;6 Abs.&nbsp;1 lit.&nbsp;d DSGVO als Rechtsgrundlage. Ist die Verarbeitung zur Wahrung eines berechtigten Interesses unseres Unternehmens oder eines Dritten erforderlich und \u00fcberwiegen die Interessen, Grundrechte und Grundfreiheiten des Betroffenen das erstgenannte Interesse nicht, so dient Art.&nbsp;6 Abs.&nbsp;1 lit.&nbsp;f DSGVO als Rechtsgrundlage f\u00fcr die Verarbeitung.<br><br>Datenl\u00f6schung und Speicherdauer: Die personenbezogenen Daten der betroffenen Person werden gel\u00f6scht oder gesperrt, sobald der Zweck der Speicherung entf\u00e4llt. Eine Speicherung kann dar\u00fcber hinaus erfolgen, wenn dies durch den europ\u00e4ischen oder nationalen Gesetzgeber in unionsrechtlichen Verordnungen, Gesetzen oder sonstigen Vorschriften, denen der Verantwortliche unterliegt, vorgesehen wurde. Eine Sperrung oder L\u00f6schung der Daten erfolgt auch dann, wenn eine durch die genannten Normen vorgeschriebene Speicherfrist abl\u00e4uft, es sei denn, dass eine Erforderlichkeit zur weiteren Speicherung der Daten f\u00fcr einen Vertragsabschluss oder eine Vertragserf\u00fcllung besteht.<br><br>Weitergabe personenbezogener Informationen an Dritte: Wir verwenden Ihre personenbezogenen Informationen, die sie uns per E-Mail senden nur f\u00fcr die Kontaktaufnahme. Wir geben ohne Ihr ausdr\u00fcckliches Einverst\u00e4ndnis grunds\u00e4tzlich keine personenbezogenen Daten an Dritte weiter. Sollten im Rahmen der Auftragsdatenverarbeitung Daten an Dienstleister weitergegeben werden, so sind diese an das BDSG, die EU-DSGVO, andere gesetzliche Vorschriften und vertraglich an diese Datenschutzerkl\u00e4rung gebunden. Soweit wir gesetzlich oder per Gerichtsbeschluss dazu verpflichtet sind, werden wir Ihre Daten an auskunftsberechtigte Stellen \u00fcbermitteln.<br><br>Recht auf Widerruf und Korrektur: Wenn Sie uns personenbezogene Daten \u00fcberlassen haben, k\u00f6nnen Sie diese jederzeit wieder l\u00f6schen, soweit wir nicht durch gesetzliche Aufbewahrungspflichten, etwa zu steuerlichen oder buchhalterischen Zwecken, gehalten sind, diese Daten f\u00fcr einen bestimmten Zeitraum zu speichern. In diesem Fall werden wir die Daten unverz\u00fcglich nach Ablauf der Speicherfrist l\u00f6schen. Weiterhin k\u00f6nnen Sie falsche erfasste Daten selbstverst\u00e4ndlich jederzeit korrigieren lassen.<br><br>Ihr Recht auf Widerruf und Korrektur k\u00f6nnen Sie gegen\u00fcber folgender Anschrift geltend machen:<br>Eltern-Selbsthilfe Wichtelhaus e.V.<br>Wahner Str. 8<br>51143 K\u00f6ln, Deutschland<br>E-Mail: <a href=\"mailto:kita@wichtelhaus-online.de\">kita@wichtelhaus-online.de<\/a><\/p>\n","protected":false},"excerpt":{"rendered":"<p>Datenschutzerkl\u00e4rung Personenbezogene Daten: Personenbezogene Daten sind Informationen, die dazu genutzt werden k\u00f6nnen, Ihre Identit\u00e4t zu erfahren. Darunter fallen Informationen wie Ihr richtiger Name, Adresse, Postanschrift, Telefonnummer. Informationen, die nicht direkt mit Ihrer wirklichen Identit\u00e4t in Verbindung gebracht werden (wie zum Beispiel favorisierte Webseiten oder Anzahl der Nutzer einer Site) fallen nicht darunter. Sie k\u00f6nnen unser [&hellip;]<\/p>\n","protected":false},"author":1,"featured_media":0,"parent":0,"menu_order":0,"comment_status":"closed","ping_status":"closed","template":"","meta":[],"_links":{"self":[{"href":"https:\/\/wichtelhaus-online.de\/index.php?rest_route=\/wp\/v2\/pages\/47"}],"collection":[{"href":"https:\/\/wichtelhaus-online.de\/index.php?rest_route=\/wp\/v2\/pages"}],"about":[{"href":"https:\/\/wichtelhaus-online.de\/index.php?rest_route=\/wp\/v2\/types\/page"}],"author":[{"embeddable":true,"href":"https:\/\/wichtelhaus-online.de\/index.php?rest_route=\/wp\/v2\/users\/1"}],"replies":[{"embeddable":true,"href":"https:\/\/wichtelhaus-online.de\/index.php?rest_route=%2Fwp%2Fv2%2Fcomments&post=47"}],"version-history":[{"count":1,"href":"https:\/\/wichtelhaus-online.de\/index.php?rest_route=\/wp\/v2\/pages\/47\/revisions"}],"predecessor-version":[{"id":48,"href":"https:\/\/wichtelhaus-online.de\/index.php?rest_route=\/wp\/v2\/pages\/47\/revisions\/48"}],"wp:attachment":[{"href":"https:\/\/wichtelhaus-online.de\/index.php?rest_route=%2Fwp%2Fv2%2Fmedia&parent=47"}],"curies":[{"name":"wp","href":"https:\/\/api.w.org\/{rel}","templated":true}]}}