{"id":4,"date":"2020-10-12T08:20:50","date_gmt":"2020-10-12T08:20:50","guid":{"rendered":"https:\/\/wichtelhaus-online.de\/?page_id=4"},"modified":"2026-02-26T07:49:56","modified_gmt":"2026-02-26T07:49:56","slug":"willkommen-auf-https-wichtelhaus-online-de","status":"publish","type":"page","link":"https:\/\/wichtelhaus-online.de\/","title":{"rendered":"Start"},"content":{"rendered":"\n<h2 class=\"has-large-font-size\"><strong>Willkommen auf der Homepage unserer Kindertagesst\u00e4tte!<\/strong><\/h2>\n\n\n\n<p>Wir sind eine Elterninitiative, die in Z\u00fcndorf (Stadt K\u00f6ln) f\u00fcr 17 Kinder zwischen neun Monaten und dem Schuleintrittsalter eine Kindertagesst\u00e4tte betreibt.<\/p>\n\n\n\n<p>Die kleine, altersgemischte Gruppe, wird von Montag bis Freitag zwischen 7.30 Uhr und 16.30 Uhr von gut ausgebildeten Fachkr\u00e4ften, Kinderpflegern und Erziehern mit verschiedenen Schwerpunkten betreut und von einer K\u00f6chin innerhalb der KiTa bekocht. <\/p>\n\n\n\n<p>Durch die \u00fcberschaubare Gruppenst\u00e4rke und eine altersgemischte Zusammensetzung herrscht eine familien\u00e4hnliche Atmosph\u00e4re, in der die Kinder sich wohl f\u00fchlen und entfalten k\u00f6nnen.<\/p>\n\n\n\n<p>Unser Team arbeitet daf\u00fcr den Kindern eine vertraute Umgebung zu schaffen, in der sie sich gl\u00fccklich und entspannt entfalten k\u00f6nnen. Mit viel Aufmerksamkeit und Zugewandtheit erfassen wir die St\u00e4rken und Bed\u00fcrfnisse jedes Einzelnen um sie\/ihn bestm\u00f6glich in der Entwicklung zu f\u00f6rdern. Dabei ist es uns auch wichtig, dass jedes Teammitglied wahrgenommen und gesch\u00e4tzt wird und sich entsprechend der eigenen F\u00e4higkeiten bestm\u00f6glich einbringen kann.<\/p>\n\n\n\n<p>Auf den folgenden Seiten k\u00f6nnen Sie sich \u00fcber unseren Verein, die Besonderheiten einer Elterninitiative sowie unser p\u00e4dagogisches Konzept informieren und weitere interessante Einblicke in unser Leben gewinnen.<\/p>\n\n\n\n<p>Viel Spa\u00df!<\/p>\n\n\n\n<p><strong>\u00a0\u00a0\u00a0\u00a0\u00a0\u00a0\u00a0\u00a0\u00a0\u00a0\u00a0\u00a0\u00a0\u00a0\u00a0\u00a0\u00a0\u00a0 <\/strong>\u00a0\u00a0\u00a0\u00a0\u00a0\u00a0 <\/p>\n","protected":false},"excerpt":{"rendered":"<p>Willkommen auf der Homepage unserer Kindertagesst\u00e4tte! Wir sind eine Elterninitiative, die in Z\u00fcndorf (Stadt K\u00f6ln) f\u00fcr 17 Kinder zwischen neun Monaten und dem Schuleintrittsalter eine Kindertagesst\u00e4tte betreibt. Die kleine, altersgemischte Gruppe, wird von Montag bis Freitag zwischen 7.30 Uhr und 16.30 Uhr von gut ausgebildeten Fachkr\u00e4ften, Kinderpflegern und Erziehern mit verschiedenen Schwerpunkten betreut und von [&hellip;]<\/p>\n","protected":false},"author":1,"featured_media":0,"parent":0,"menu_order":1,"comment_status":"closed","ping_status":"closed","template":"","meta":[],"_links":{"self":[{"href":"https:\/\/wichtelhaus-online.de\/index.php?rest_route=\/wp\/v2\/pages\/4"}],"collection":[{"href":"https:\/\/wichtelhaus-online.de\/index.php?rest_route=\/wp\/v2\/pages"}],"about":[{"href":"https:\/\/wichtelhaus-online.de\/index.php?rest_route=\/wp\/v2\/types\/page"}],"author":[{"embeddable":true,"href":"https:\/\/wichtelhaus-online.de\/index.php?rest_route=\/wp\/v2\/users\/1"}],"replies":[{"embeddable":true,"href":"https:\/\/wichtelhaus-online.de\/index.php?rest_route=%2Fwp%2Fv2%2Fcomments&post=4"}],"version-history":[{"count":33,"href":"https:\/\/wichtelhaus-online.de\/index.php?rest_route=\/wp\/v2\/pages\/4\/revisions"}],"predecessor-version":[{"id":344,"href":"https:\/\/wichtelhaus-online.de\/index.php?rest_route=\/wp\/v2\/pages\/4\/revisions\/344"}],"wp:attachment":[{"href":"https:\/\/wichtelhaus-online.de\/index.php?rest_route=%2Fwp%2Fv2%2Fmedia&parent=4"}],"curies":[{"name":"wp","href":"https:\/\/api.w.org\/{rel}","templated":true}]}}