{"id":34,"date":"2020-10-12T08:43:39","date_gmt":"2020-10-12T08:43:39","guid":{"rendered":"https:\/\/wichtelhaus-online.de\/?page_id=34"},"modified":"2020-10-13T11:55:19","modified_gmt":"2020-10-13T11:55:19","slug":"spenden","status":"publish","type":"page","link":"https:\/\/wichtelhaus-online.de\/?page_id=34","title":{"rendered":"Spenden"},"content":{"rendered":"\n<p><strong>Haben Sie etwas f\u00fcr uns \u00fcbrig?<\/strong><\/p>\n\n\n\n<p>Unsere Kindertagesst\u00e4tte finanziert sich durch regelm\u00e4\u00dfige Eigenbeitr\u00e4ge der Eltern sowie durch den Betriebskostenzuschuss der \u00f6ffentlichen Hand. Damit werden allerdings lediglich die laufenden Kosten (z.B. Geh\u00e4lter, Miete) abgedeckt. Dar\u00fcber hinaus w\u00fcnschen wir uns von Zeit zu Zeit aber auch kleine oder gr\u00f6\u00dfere Dinge f\u00fcr die Verbesserung der Betreuung unserer Kinder. Diese k\u00f6nnen jedoch trotz nicht unerheblicher Eigenleistung der Eltern nur \u00fcber F\u00f6rdermittel oder Spenden realisiert werden.<\/p>\n\n\n\n<p>Wenn Sie unsere Arbeit durch eine&nbsp;<strong>Geld- oder Sachspende<\/strong>&nbsp;unterst\u00fctzen m\u00f6chten, nehmen Sie bitte&nbsp;Kontakt&nbsp;mit uns auf. Wir entscheiden dann gemeinsam, wie Ihre Spende verwendet wird.<\/p>\n\n\n\n<p>Wir sind vom Finanzamt als&nbsp;<strong>gemeinn\u00fctzig<\/strong>&nbsp;anerkannt und stellen Ihnen gern eine&nbsp;<strong>Spendenquittung<\/strong>&nbsp;aus. Wenn Sie m\u00f6chten, \u00fcberreichen Ihnen unsere Kinder auch ein &#8222;Dankesch\u00f6n-Plakat&#8220;, mit dem Sie z.B. in Ihrem Gesch\u00e4ft auf Ihr soziales Engagement hinweisen k\u00f6nnen.<\/p>\n\n\n\n<p><strong>Danke!<\/strong><\/p>\n\n\n\n<p>Sie tragen mit Ihrer Spende dazu bei, eine seit vielen Jahren bestehende Kindertagesst\u00e4tte zu erhalten, auf die sich viele Kinder t\u00e4glich freuen, auf die sich die Eltern verlassen k\u00f6nnen und die eine Reihe von Arbeitspl\u00e4tzen bietet.<\/p>\n","protected":false},"excerpt":{"rendered":"<p>Haben Sie etwas f\u00fcr uns \u00fcbrig? Unsere Kindertagesst\u00e4tte finanziert sich durch regelm\u00e4\u00dfige Eigenbeitr\u00e4ge der Eltern sowie durch den Betriebskostenzuschuss der \u00f6ffentlichen Hand. Damit werden allerdings lediglich die laufenden Kosten (z.B. Geh\u00e4lter, Miete) abgedeckt. Dar\u00fcber hinaus w\u00fcnschen wir uns von Zeit zu Zeit aber auch kleine oder gr\u00f6\u00dfere Dinge f\u00fcr die Verbesserung der Betreuung unserer Kinder. [&hellip;]<\/p>\n","protected":false},"author":1,"featured_media":0,"parent":0,"menu_order":0,"comment_status":"closed","ping_status":"closed","template":"","meta":[],"_links":{"self":[{"href":"https:\/\/wichtelhaus-online.de\/index.php?rest_route=\/wp\/v2\/pages\/34"}],"collection":[{"href":"https:\/\/wichtelhaus-online.de\/index.php?rest_route=\/wp\/v2\/pages"}],"about":[{"href":"https:\/\/wichtelhaus-online.de\/index.php?rest_route=\/wp\/v2\/types\/page"}],"author":[{"embeddable":true,"href":"https:\/\/wichtelhaus-online.de\/index.php?rest_route=\/wp\/v2\/users\/1"}],"replies":[{"embeddable":true,"href":"https:\/\/wichtelhaus-online.de\/index.php?rest_route=%2Fwp%2Fv2%2Fcomments&post=34"}],"version-history":[{"count":2,"href":"https:\/\/wichtelhaus-online.de\/index.php?rest_route=\/wp\/v2\/pages\/34\/revisions"}],"predecessor-version":[{"id":130,"href":"https:\/\/wichtelhaus-online.de\/index.php?rest_route=\/wp\/v2\/pages\/34\/revisions\/130"}],"wp:attachment":[{"href":"https:\/\/wichtelhaus-online.de\/index.php?rest_route=%2Fwp%2Fv2%2Fmedia&parent=34"}],"curies":[{"name":"wp","href":"https:\/\/api.w.org\/{rel}","templated":true}]}}