{"id":14,"date":"2020-10-12T08:40:35","date_gmt":"2020-10-12T08:40:35","guid":{"rendered":"https:\/\/wichtelhaus-online.de\/?page_id=14"},"modified":"2024-12-02T09:48:14","modified_gmt":"2024-12-02T09:48:14","slug":"das-haus","status":"publish","type":"page","link":"https:\/\/wichtelhaus-online.de\/?page_id=14","title":{"rendered":"Das Haus"},"content":{"rendered":"\n<p>Im Innenbereich stehen den Kindern, aufgeteilt auf vier R\u00e4ume, etwa 200 m\u00b2 Spielfl\u00e4che zur Verf\u00fcgung. Der gr\u00f6\u00dfte Raum wird als Gruppenraum genutzt. Hier wird gegessen, gebastelt und gespielt. Ein gro\u00dfer Spielteppich und die Hochebene laden zum bauen und konstruieren ein. F\u00fcr unsere Puppeneltern haben wir eine Puppenecke, die mit einer kleinen K\u00fcche sowie Tisch und St\u00fchlen eingerichtet ist. <\/p>\n\n\n\n<figure class=\"wp-block-gallery columns-2 is-cropped\"><ul class=\"blocks-gallery-grid\"><li class=\"blocks-gallery-item\"><figure><img loading=\"lazy\" width=\"1024\" height=\"768\" src=\"https:\/\/wichtelhaus-online.de\/wp-content\/uploads\/2024\/12\/20241127_150642_resized-1024x768.jpg\" alt=\"\" data-id=\"239\" data-link=\"https:\/\/wichtelhaus-online.de\/?attachment_id=239#main\" class=\"wp-image-239\" srcset=\"https:\/\/wichtelhaus-online.de\/wp-content\/uploads\/2024\/12\/20241127_150642_resized-1024x768.jpg 1024w, https:\/\/wichtelhaus-online.de\/wp-content\/uploads\/2024\/12\/20241127_150642_resized-300x225.jpg 300w, https:\/\/wichtelhaus-online.de\/wp-content\/uploads\/2024\/12\/20241127_150642_resized-768x576.jpg 768w, https:\/\/wichtelhaus-online.de\/wp-content\/uploads\/2024\/12\/20241127_150642_resized-1536x1152.jpg 1536w, https:\/\/wichtelhaus-online.de\/wp-content\/uploads\/2024\/12\/20241127_150642_resized-2048x1536.jpg 2048w\" sizes=\"(max-width: 1024px) 100vw, 1024px\" \/><\/figure><\/li><li class=\"blocks-gallery-item\"><figure><img loading=\"lazy\" width=\"1024\" height=\"768\" src=\"https:\/\/wichtelhaus-online.de\/wp-content\/uploads\/2024\/12\/20241127_150649_resized_1-1024x768.jpg\" alt=\"\" data-id=\"240\" data-full-url=\"https:\/\/wichtelhaus-online.de\/wp-content\/uploads\/2024\/12\/20241127_150649_resized_1-scaled.jpg\" data-link=\"https:\/\/wichtelhaus-online.de\/?attachment_id=240#main\" class=\"wp-image-240\" srcset=\"https:\/\/wichtelhaus-online.de\/wp-content\/uploads\/2024\/12\/20241127_150649_resized_1-1024x768.jpg 1024w, https:\/\/wichtelhaus-online.de\/wp-content\/uploads\/2024\/12\/20241127_150649_resized_1-300x225.jpg 300w, https:\/\/wichtelhaus-online.de\/wp-content\/uploads\/2024\/12\/20241127_150649_resized_1-768x576.jpg 768w, https:\/\/wichtelhaus-online.de\/wp-content\/uploads\/2024\/12\/20241127_150649_resized_1-1536x1152.jpg 1536w, https:\/\/wichtelhaus-online.de\/wp-content\/uploads\/2024\/12\/20241127_150649_resized_1-2048x1536.jpg 2048w\" sizes=\"(max-width: 1024px) 100vw, 1024px\" \/><\/figure><\/li><\/ul><\/figure>\n\n\n\n<figure class=\"wp-block-gallery columns-1 is-cropped\"><ul class=\"blocks-gallery-grid\"><li class=\"blocks-gallery-item\"><figure><img loading=\"lazy\" width=\"1024\" height=\"768\" src=\"https:\/\/wichtelhaus-online.de\/wp-content\/uploads\/2024\/12\/20241127_150525_resized-1024x768.jpg\" alt=\"\" data-id=\"241\" data-full-url=\"https:\/\/wichtelhaus-online.de\/wp-content\/uploads\/2024\/12\/20241127_150525_resized-scaled.jpg\" data-link=\"https:\/\/wichtelhaus-online.de\/?attachment_id=241#main\" class=\"wp-image-241\" srcset=\"https:\/\/wichtelhaus-online.de\/wp-content\/uploads\/2024\/12\/20241127_150525_resized-1024x768.jpg 1024w, https:\/\/wichtelhaus-online.de\/wp-content\/uploads\/2024\/12\/20241127_150525_resized-300x225.jpg 300w, https:\/\/wichtelhaus-online.de\/wp-content\/uploads\/2024\/12\/20241127_150525_resized-768x576.jpg 768w, https:\/\/wichtelhaus-online.de\/wp-content\/uploads\/2024\/12\/20241127_150525_resized-1536x1152.jpg 1536w, https:\/\/wichtelhaus-online.de\/wp-content\/uploads\/2024\/12\/20241127_150525_resized-2048x1536.jpg 2048w\" sizes=\"(max-width: 1024px) 100vw, 1024px\" \/><\/figure><\/li><\/ul><\/figure>\n\n\n\n<figure class=\"wp-block-gallery columns-2 is-cropped\"><ul class=\"blocks-gallery-grid\"><li class=\"blocks-gallery-item\"><figure><img loading=\"lazy\" width=\"1024\" height=\"768\" src=\"https:\/\/wichtelhaus-online.de\/wp-content\/uploads\/2024\/12\/20241127_150710_resized_1-1024x768.jpg\" alt=\"\" data-id=\"244\" data-link=\"https:\/\/wichtelhaus-online.de\/?attachment_id=244#main\" class=\"wp-image-244\" srcset=\"https:\/\/wichtelhaus-online.de\/wp-content\/uploads\/2024\/12\/20241127_150710_resized_1-1024x768.jpg 1024w, https:\/\/wichtelhaus-online.de\/wp-content\/uploads\/2024\/12\/20241127_150710_resized_1-300x225.jpg 300w, https:\/\/wichtelhaus-online.de\/wp-content\/uploads\/2024\/12\/20241127_150710_resized_1-768x576.jpg 768w, https:\/\/wichtelhaus-online.de\/wp-content\/uploads\/2024\/12\/20241127_150710_resized_1-1536x1152.jpg 1536w, https:\/\/wichtelhaus-online.de\/wp-content\/uploads\/2024\/12\/20241127_150710_resized_1-2048x1536.jpg 2048w\" sizes=\"(max-width: 1024px) 100vw, 1024px\" \/><\/figure><\/li><li class=\"blocks-gallery-item\"><figure><img loading=\"lazy\" width=\"1024\" height=\"768\" src=\"https:\/\/wichtelhaus-online.de\/wp-content\/uploads\/2024\/12\/20241127_150636-1024x768.jpg\" alt=\"\" data-id=\"249\" data-full-url=\"https:\/\/wichtelhaus-online.de\/wp-content\/uploads\/2024\/12\/20241127_150636-scaled.jpg\" data-link=\"https:\/\/wichtelhaus-online.de\/?attachment_id=249#main\" class=\"wp-image-249\" srcset=\"https:\/\/wichtelhaus-online.de\/wp-content\/uploads\/2024\/12\/20241127_150636-1024x768.jpg 1024w, https:\/\/wichtelhaus-online.de\/wp-content\/uploads\/2024\/12\/20241127_150636-300x225.jpg 300w, https:\/\/wichtelhaus-online.de\/wp-content\/uploads\/2024\/12\/20241127_150636-768x576.jpg 768w, https:\/\/wichtelhaus-online.de\/wp-content\/uploads\/2024\/12\/20241127_150636-1536x1152.jpg 1536w, https:\/\/wichtelhaus-online.de\/wp-content\/uploads\/2024\/12\/20241127_150636-2048x1536.jpg 2048w\" sizes=\"(max-width: 1024px) 100vw, 1024px\" \/><\/figure><\/li><\/ul><\/figure>\n\n\n\n<p>&nbsp;&nbsp;<\/p>\n\n\n\n<p>Das Bau- und Bewegungszimmer wird als zweitgr\u00f6\u00dftes Zimmer haupts\u00e4chlich zum Toben genutzt. Mit Stapelsteinen k\u00f6nnen die Kinder Parcours bauen und ihre motorischen F\u00e4higkeiten verbessern. Des weiteren finden hier u.a. die Morgenkreise statt, sowie das Turnen f\u00fcr die U3 Kinder. W\u00e4hrend der Mittagsruhe dient dieser Raum den \u00dc3 zur Entspannung. Dort wird vorgelesen, selber B\u00fccher geschaut, gepuzzelt, Bilderbuchkino veranstaltet oder Gesellschaftsspiele gespielt. Je nach dem welche Aktivit\u00e4t die Kinder priorisieren.<\/p>\n\n\n\n<figure class=\"wp-block-gallery columns-2 is-cropped\"><ul class=\"blocks-gallery-grid\"><li class=\"blocks-gallery-item\"><figure><img loading=\"lazy\" width=\"1024\" height=\"768\" src=\"https:\/\/wichtelhaus-online.de\/wp-content\/uploads\/2024\/12\/20241127_150613-1024x768.jpg\" alt=\"\" data-id=\"245\" data-full-url=\"https:\/\/wichtelhaus-online.de\/wp-content\/uploads\/2024\/12\/20241127_150613-scaled.jpg\" data-link=\"https:\/\/wichtelhaus-online.de\/?attachment_id=245#main\" class=\"wp-image-245\" srcset=\"https:\/\/wichtelhaus-online.de\/wp-content\/uploads\/2024\/12\/20241127_150613-1024x768.jpg 1024w, https:\/\/wichtelhaus-online.de\/wp-content\/uploads\/2024\/12\/20241127_150613-300x225.jpg 300w, https:\/\/wichtelhaus-online.de\/wp-content\/uploads\/2024\/12\/20241127_150613-768x576.jpg 768w, https:\/\/wichtelhaus-online.de\/wp-content\/uploads\/2024\/12\/20241127_150613-1536x1152.jpg 1536w, https:\/\/wichtelhaus-online.de\/wp-content\/uploads\/2024\/12\/20241127_150613-2048x1536.jpg 2048w\" sizes=\"(max-width: 1024px) 100vw, 1024px\" \/><\/figure><\/li><li class=\"blocks-gallery-item\"><figure><img loading=\"lazy\" width=\"1024\" height=\"768\" src=\"https:\/\/wichtelhaus-online.de\/wp-content\/uploads\/2024\/12\/20241127_150619-1024x768.jpg\" alt=\"\" data-id=\"246\" data-full-url=\"https:\/\/wichtelhaus-online.de\/wp-content\/uploads\/2024\/12\/20241127_150619-scaled.jpg\" data-link=\"https:\/\/wichtelhaus-online.de\/?attachment_id=246#main\" class=\"wp-image-246\" srcset=\"https:\/\/wichtelhaus-online.de\/wp-content\/uploads\/2024\/12\/20241127_150619-1024x768.jpg 1024w, https:\/\/wichtelhaus-online.de\/wp-content\/uploads\/2024\/12\/20241127_150619-300x225.jpg 300w, https:\/\/wichtelhaus-online.de\/wp-content\/uploads\/2024\/12\/20241127_150619-768x576.jpg 768w, https:\/\/wichtelhaus-online.de\/wp-content\/uploads\/2024\/12\/20241127_150619-1536x1152.jpg 1536w, https:\/\/wichtelhaus-online.de\/wp-content\/uploads\/2024\/12\/20241127_150619-2048x1536.jpg 2048w\" sizes=\"(max-width: 1024px) 100vw, 1024px\" \/><\/figure><\/li><\/ul><\/figure>\n\n\n\n<p>Ein weitere Raum ist der Wickelraum ausgestattet mit 2 Wickeltischen und einer Lese- und Kuschelecke. Diese dient u.a. zum Ausruhen und Abschalten w\u00e4hrend des Tages und ebenfalls w\u00e4hrend der Mittagspause f\u00fcr unsere U3 Kinder. Im Wickelraum k\u00f6nnen die Kinder auch durch verschiedene M\u00f6glichkeiten ihrem freien Spiel nachgehen. <\/p>\n\n\n\n<figure class=\"wp-block-gallery columns-2 is-cropped\"><ul class=\"blocks-gallery-grid\"><li class=\"blocks-gallery-item\"><figure><img loading=\"lazy\" width=\"1024\" height=\"768\" src=\"https:\/\/wichtelhaus-online.de\/wp-content\/uploads\/2024\/12\/20241127_150605_resized-1024x768.jpg\" alt=\"\" data-id=\"247\" data-link=\"https:\/\/wichtelhaus-online.de\/?attachment_id=247#main\" class=\"wp-image-247\" srcset=\"https:\/\/wichtelhaus-online.de\/wp-content\/uploads\/2024\/12\/20241127_150605_resized-1024x768.jpg 1024w, https:\/\/wichtelhaus-online.de\/wp-content\/uploads\/2024\/12\/20241127_150605_resized-300x225.jpg 300w, https:\/\/wichtelhaus-online.de\/wp-content\/uploads\/2024\/12\/20241127_150605_resized-768x576.jpg 768w, https:\/\/wichtelhaus-online.de\/wp-content\/uploads\/2024\/12\/20241127_150605_resized-1536x1152.jpg 1536w, https:\/\/wichtelhaus-online.de\/wp-content\/uploads\/2024\/12\/20241127_150605_resized-2048x1536.jpg 2048w\" sizes=\"(max-width: 1024px) 100vw, 1024px\" \/><\/figure><\/li><li class=\"blocks-gallery-item\"><figure><img loading=\"lazy\" width=\"768\" height=\"1024\" src=\"https:\/\/wichtelhaus-online.de\/wp-content\/uploads\/2024\/12\/20241127_150602-1-768x1024.jpg\" alt=\"\" data-id=\"251\" data-full-url=\"https:\/\/wichtelhaus-online.de\/wp-content\/uploads\/2024\/12\/20241127_150602-1-scaled.jpg\" data-link=\"https:\/\/wichtelhaus-online.de\/?attachment_id=251#main\" class=\"wp-image-251\" srcset=\"https:\/\/wichtelhaus-online.de\/wp-content\/uploads\/2024\/12\/20241127_150602-1-768x1024.jpg 768w, https:\/\/wichtelhaus-online.de\/wp-content\/uploads\/2024\/12\/20241127_150602-1-225x300.jpg 225w, https:\/\/wichtelhaus-online.de\/wp-content\/uploads\/2024\/12\/20241127_150602-1-1152x1536.jpg 1152w, https:\/\/wichtelhaus-online.de\/wp-content\/uploads\/2024\/12\/20241127_150602-1-1536x2048.jpg 1536w, https:\/\/wichtelhaus-online.de\/wp-content\/uploads\/2024\/12\/20241127_150602-1-scaled.jpg 1920w\" sizes=\"(max-width: 768px) 100vw, 768px\" \/><\/figure><\/li><\/ul><\/figure>\n\n\n\n<p>Unser Schlafraum neben der Garderobe ist mit mehreren Kinderbetten bodentief ausgestattet. Hier werden die Kleinsten liebevoll durch unsere Fachkr\u00e4fte in den Schlaf begleitet.<\/p>\n\n\n\n<figure class=\"wp-block-gallery columns-2 is-cropped\"><ul class=\"blocks-gallery-grid\"><li class=\"blocks-gallery-item\"><figure><img loading=\"lazy\" width=\"1024\" height=\"768\" src=\"https:\/\/wichtelhaus-online.de\/wp-content\/uploads\/2024\/12\/20241127_150405_resized-1024x768.jpg\" alt=\"\" data-id=\"252\" class=\"wp-image-252\" srcset=\"https:\/\/wichtelhaus-online.de\/wp-content\/uploads\/2024\/12\/20241127_150405_resized-1024x768.jpg 1024w, https:\/\/wichtelhaus-online.de\/wp-content\/uploads\/2024\/12\/20241127_150405_resized-300x225.jpg 300w, https:\/\/wichtelhaus-online.de\/wp-content\/uploads\/2024\/12\/20241127_150405_resized-768x576.jpg 768w, https:\/\/wichtelhaus-online.de\/wp-content\/uploads\/2024\/12\/20241127_150405_resized-1536x1152.jpg 1536w, https:\/\/wichtelhaus-online.de\/wp-content\/uploads\/2024\/12\/20241127_150405_resized-2048x1536.jpg 2048w\" sizes=\"(max-width: 1024px) 100vw, 1024px\" \/><\/figure><\/li><li class=\"blocks-gallery-item\"><figure><img loading=\"lazy\" width=\"1024\" height=\"768\" src=\"https:\/\/wichtelhaus-online.de\/wp-content\/uploads\/2024\/12\/20241127_150411_resized-1024x768.jpg\" alt=\"\" data-id=\"253\" data-full-url=\"https:\/\/wichtelhaus-online.de\/wp-content\/uploads\/2024\/12\/20241127_150411_resized-scaled.jpg\" data-link=\"https:\/\/wichtelhaus-online.de\/?attachment_id=253#main\" class=\"wp-image-253\" srcset=\"https:\/\/wichtelhaus-online.de\/wp-content\/uploads\/2024\/12\/20241127_150411_resized-1024x768.jpg 1024w, https:\/\/wichtelhaus-online.de\/wp-content\/uploads\/2024\/12\/20241127_150411_resized-300x225.jpg 300w, https:\/\/wichtelhaus-online.de\/wp-content\/uploads\/2024\/12\/20241127_150411_resized-768x576.jpg 768w, https:\/\/wichtelhaus-online.de\/wp-content\/uploads\/2024\/12\/20241127_150411_resized-1536x1152.jpg 1536w, https:\/\/wichtelhaus-online.de\/wp-content\/uploads\/2024\/12\/20241127_150411_resized-2048x1536.jpg 2048w\" sizes=\"(max-width: 1024px) 100vw, 1024px\" \/><\/figure><\/li><\/ul><\/figure>\n\n\n\n<p>In der Garderobe hat jedes Kind ein mit pers\u00f6nlichem Foto gekennzeichnetes Fach, wo z.B. Matschhose, Gummistiefel und Hausschuhe verstaut werden. <\/p>\n\n\n\n<figure class=\"wp-block-gallery columns-2 is-cropped\"><ul class=\"blocks-gallery-grid\"><li class=\"blocks-gallery-item\"><figure><img loading=\"lazy\" width=\"1024\" height=\"768\" src=\"https:\/\/wichtelhaus-online.de\/wp-content\/uploads\/2024\/12\/20241127_150721_resized_1-1-1024x768.jpg\" alt=\"\" data-id=\"255\" data-link=\"https:\/\/wichtelhaus-online.de\/?attachment_id=255#main\" class=\"wp-image-255\" srcset=\"https:\/\/wichtelhaus-online.de\/wp-content\/uploads\/2024\/12\/20241127_150721_resized_1-1-1024x768.jpg 1024w, https:\/\/wichtelhaus-online.de\/wp-content\/uploads\/2024\/12\/20241127_150721_resized_1-1-300x225.jpg 300w, https:\/\/wichtelhaus-online.de\/wp-content\/uploads\/2024\/12\/20241127_150721_resized_1-1-768x576.jpg 768w, https:\/\/wichtelhaus-online.de\/wp-content\/uploads\/2024\/12\/20241127_150721_resized_1-1-1536x1152.jpg 1536w, https:\/\/wichtelhaus-online.de\/wp-content\/uploads\/2024\/12\/20241127_150721_resized_1-1-2048x1536.jpg 2048w\" sizes=\"(max-width: 1024px) 100vw, 1024px\" \/><\/figure><\/li><li class=\"blocks-gallery-item\"><figure><img loading=\"lazy\" width=\"1024\" height=\"768\" src=\"https:\/\/wichtelhaus-online.de\/wp-content\/uploads\/2024\/12\/20241127_150326_resized-1-1024x768.jpg\" alt=\"\" data-id=\"256\" data-full-url=\"https:\/\/wichtelhaus-online.de\/wp-content\/uploads\/2024\/12\/20241127_150326_resized-1-scaled.jpg\" data-link=\"https:\/\/wichtelhaus-online.de\/?attachment_id=256#main\" class=\"wp-image-256\" srcset=\"https:\/\/wichtelhaus-online.de\/wp-content\/uploads\/2024\/12\/20241127_150326_resized-1-1024x768.jpg 1024w, https:\/\/wichtelhaus-online.de\/wp-content\/uploads\/2024\/12\/20241127_150326_resized-1-300x225.jpg 300w, https:\/\/wichtelhaus-online.de\/wp-content\/uploads\/2024\/12\/20241127_150326_resized-1-768x576.jpg 768w, https:\/\/wichtelhaus-online.de\/wp-content\/uploads\/2024\/12\/20241127_150326_resized-1-1536x1152.jpg 1536w, https:\/\/wichtelhaus-online.de\/wp-content\/uploads\/2024\/12\/20241127_150326_resized-1-2048x1536.jpg 2048w\" sizes=\"(max-width: 1024px) 100vw, 1024px\" \/><\/figure><\/li><\/ul><\/figure>\n","protected":false},"excerpt":{"rendered":"<p>Im Innenbereich stehen den Kindern, aufgeteilt auf vier R\u00e4ume, etwa 200 m\u00b2 Spielfl\u00e4che zur Verf\u00fcgung. Der gr\u00f6\u00dfte Raum wird als Gruppenraum genutzt. Hier wird gegessen, gebastelt und gespielt. Ein gro\u00dfer Spielteppich und die Hochebene laden zum bauen und konstruieren ein. F\u00fcr unsere Puppeneltern haben wir eine Puppenecke, die mit einer kleinen K\u00fcche sowie Tisch und [&hellip;]<\/p>\n","protected":false},"author":1,"featured_media":0,"parent":0,"menu_order":5,"comment_status":"closed","ping_status":"closed","template":"","meta":[],"_links":{"self":[{"href":"https:\/\/wichtelhaus-online.de\/index.php?rest_route=\/wp\/v2\/pages\/14"}],"collection":[{"href":"https:\/\/wichtelhaus-online.de\/index.php?rest_route=\/wp\/v2\/pages"}],"about":[{"href":"https:\/\/wichtelhaus-online.de\/index.php?rest_route=\/wp\/v2\/types\/page"}],"author":[{"embeddable":true,"href":"https:\/\/wichtelhaus-online.de\/index.php?rest_route=\/wp\/v2\/users\/1"}],"replies":[{"embeddable":true,"href":"https:\/\/wichtelhaus-online.de\/index.php?rest_route=%2Fwp%2Fv2%2Fcomments&post=14"}],"version-history":[{"count":14,"href":"https:\/\/wichtelhaus-online.de\/index.php?rest_route=\/wp\/v2\/pages\/14\/revisions"}],"predecessor-version":[{"id":267,"href":"https:\/\/wichtelhaus-online.de\/index.php?rest_route=\/wp\/v2\/pages\/14\/revisions\/267"}],"wp:attachment":[{"href":"https:\/\/wichtelhaus-online.de\/index.php?rest_route=%2Fwp%2Fv2%2Fmedia&parent=14"}],"curies":[{"name":"wp","href":"https:\/\/api.w.org\/{rel}","templated":true}]}}