{"id":10,"date":"2020-10-12T08:34:13","date_gmt":"2020-10-12T08:34:13","guid":{"rendered":"https:\/\/wichtelhaus-online.de\/?page_id=10"},"modified":"2025-10-28T20:15:18","modified_gmt":"2025-10-28T20:15:18","slug":"unser-team","status":"publish","type":"page","link":"https:\/\/wichtelhaus-online.de\/?page_id=10","title":{"rendered":"Unser Team"},"content":{"rendered":"\n<p>Wir suchen Verst\u00e4rkung f\u00fcr unser Team (Stellenbeschreibung siehe unten)<\/p>\n\n\n\n<p>Im Wichtelhaus sind mehrere Fachkr\u00e4fte, Kinderpflegekr\u00e4fte, Erzieher und eine Kochkraft in Voll- bzw. Teilzeit besch\u00e4ftigt. Angehende ErzieherInnen, KinderpflegerInnen sowie andere sozialp\u00e4dagogische Kr\u00e4fte haben bei uns die M\u00f6glichkeit, ein zur Ausbildung geh\u00f6rendes Praktikum abzuleisten.<\/p>\n\n\n\n<p>Das Team tr\u00e4gt die Verantwortung f\u00fcr den p\u00e4dagogischen Alltag. Durch w\u00f6chentlich stattfindende Teamgespr\u00e4che ist ein regelm\u00e4\u00dfiger Austausch gew\u00e4hrleistet. Dabei wird die eigene Arbeit reflektiert, die Einhaltung der Ziele \u00fcberpr\u00fcft und ggf. angepasst.&nbsp;Dar\u00fcber hinaus sind die Mitarbeitende Ansprechpartner f\u00fcr die Eltern und bieten den Familien erg\u00e4nzende Beratung.<\/p>\n\n\n\n<p>Unser p\u00e4dagogisches Konzept k\u00f6nnen Sie unter Download und P\u00e4dagogik finden.<\/p>\n\n\n\n<p>Halbj\u00e4hrlich finden Elternabende statt, an denen das Team einen Situationsbericht vorstellt und \u00fcber aktuelle Themen und Projekte in der Gruppe informiert. Zus\u00e4tzlich besteht die M\u00f6glichkeit, ein pers\u00f6nliches Elterngespr\u00e4ch mit dem Team und einzelnen Mitarbeitenden zu vereinbaren. Einmal im Jahr informiert die Bezugsperson des Kindes (der Kinder) die Eltern  in einem pers\u00f6nlichen Entwicklungsgespr\u00e4ch \u00fcber den Entwicklungsstand bzw. den Entwicklungsprozess.<\/p>\n\n\n\n<p id=\"block-d889ff5c-88e4-4f32-bc0f-d00e5f3eb2fb\">Das Wichtelhaus ist eine Elterninitiative im sonnigen S\u00fcden von K\u00f6ln. Siebzehn Kinder im Alter von 1 bis 6 Jahren werden bei uns montags bis freitags von 7:30 bis 16:30 betreut.<\/p>\n\n\n\n<p id=\"block-94b74817-41ae-4ebe-8c22-6bffb87d57e3\">Unser Team arbeitet daf\u00fcr den Kindern eine vertraute Umgebung zu schaffen, in der sie sich gl\u00fccklich und entspannt entfalten k\u00f6nnen. Mit viel Aufmerksamkeit und Zugewandtheit erfassen wir die St\u00e4rken und Bed\u00fcrfnisse jedes Einzelnen um sie\/ihn bestm\u00f6glich in der Entwicklung zu f\u00f6rdern. Dabei ist es uns auch wichtig, dass jedes Teammitglied wahrgenommen und gesch\u00e4tzt wird und sich entsprechend der eigenen F\u00e4higkeiten bestm\u00f6glich einbringen kann.<\/p>\n\n\n\n<p id=\"block-7fa0a3cf-25c9-47c6-b576-fd6b585fec48\">Wir freuen uns auf Unterst\u00fctzung dabei diesen Raum zum Wohlf\u00fchlen und Wachsen f\u00fcr alle Beteiligten zu erm\u00f6glichen.<\/p>\n\n\n\n<p id=\"block-fbd351cb-f9e1-4c5d-bc27-66bb86fae71e\"><strong>Wir bieten:<\/strong><\/p>\n\n\n\n<ul id=\"block-97539698-f72c-42ba-ad04-28fd40b21d16\"><li>\u00fcberdurchschnittlichen Personalschl\u00fcssel<\/li><li>freundschaftlich, famili\u00e4re Arbeitsatmosph\u00e4re<\/li><li>Bezahlung nach Tv\u00f6D und Stufenerhalt<\/li><li>Zeit f\u00fcr Beziehung zu den Kindern<\/li><li>M\u00f6glichkeit zur Teilnahme an Fort- und Weiterbildungen<\/li><li>Gute Anbindung an KVB<\/li><li>30 Tage Urlaub (Vollzeit) +2 Regenerationstage<\/li><li>Weihnachtsgeld<\/li><\/ul>\n\n\n\n<p id=\"block-c77eae27-ea7c-4f63-914f-ae1275ba41e8\"><strong>Wir w\u00fcnschen uns von dir:<\/strong><\/p>\n\n\n\n<ul id=\"block-ef5d3320-af4b-4a47-8232-5213cd5ff195\"><li>eine abgeschlossene Ausbildung als Erzieher*in\/Heilp\u00e4dagog*in\/Heilerziehungspfleger*in\/Abschluss in passenden Studiengang (Erziehungswissenschaften, soziale Arbeit, Grundschullehramt mit Masterabschluss)<\/li><li>Freude an der Arbeit mit Kindern<\/li><li>Mitarbeit in der Planung und Umsetzung von Projekten mit und f\u00fcr die Kinder<\/li><li>Ein hohes Ma\u00df an Zuverl\u00e4ssigkeit und Verantwortungsbewusstsein<\/li><li>Ein freundliches und offenes Wesen<\/li><\/ul>\n\n\n\n<p id=\"block-5fdde09e-94e4-41fc-ad59-0d6133a5227f\">Wenn du dich hiermit angesprochen f\u00fchlst und \u00fcber die obengenannten Qualifikationen verf\u00fcgst, freuen wir uns sehr \u00fcber deine aussagekr\u00e4ftige Bewerbung an unsere Email Adresse: <a href=\"mailto:vorstand@wichtelhaus-online.de\">vorstand@wichtelhaus-online.de<\/a><\/p>\n\n\n\n<p id=\"block-797c604f-1537-4879-bea9-17719d9f6d92\"><strong> &nbsp;&nbsp;&nbsp;&nbsp;&nbsp;&nbsp;&nbsp;&nbsp;&nbsp;&nbsp;&nbsp;&nbsp;&nbsp;&nbsp;&nbsp;&nbsp;&nbsp;&nbsp; <\/strong>&nbsp;&nbsp;&nbsp;&nbsp;&nbsp;<\/p>\n\n\n\n<p><\/p>\n\n\n\n<p><\/p>\n\n\n\n<p><\/p>\n","protected":false},"excerpt":{"rendered":"<p>Wir suchen Verst\u00e4rkung f\u00fcr unser Team (Stellenbeschreibung siehe unten) Im Wichtelhaus sind mehrere Fachkr\u00e4fte, Kinderpflegekr\u00e4fte, Erzieher und eine Kochkraft in Voll- bzw. Teilzeit besch\u00e4ftigt. Angehende ErzieherInnen, KinderpflegerInnen sowie andere sozialp\u00e4dagogische Kr\u00e4fte haben bei uns die M\u00f6glichkeit, ein zur Ausbildung geh\u00f6rendes Praktikum abzuleisten. Das Team tr\u00e4gt die Verantwortung f\u00fcr den p\u00e4dagogischen Alltag. Durch w\u00f6chentlich stattfindende Teamgespr\u00e4che [&hellip;]<\/p>\n","protected":false},"author":1,"featured_media":0,"parent":0,"menu_order":3,"comment_status":"closed","ping_status":"closed","template":"","meta":[],"_links":{"self":[{"href":"https:\/\/wichtelhaus-online.de\/index.php?rest_route=\/wp\/v2\/pages\/10"}],"collection":[{"href":"https:\/\/wichtelhaus-online.de\/index.php?rest_route=\/wp\/v2\/pages"}],"about":[{"href":"https:\/\/wichtelhaus-online.de\/index.php?rest_route=\/wp\/v2\/types\/page"}],"author":[{"embeddable":true,"href":"https:\/\/wichtelhaus-online.de\/index.php?rest_route=\/wp\/v2\/users\/1"}],"replies":[{"embeddable":true,"href":"https:\/\/wichtelhaus-online.de\/index.php?rest_route=%2Fwp%2Fv2%2Fcomments&post=10"}],"version-history":[{"count":12,"href":"https:\/\/wichtelhaus-online.de\/index.php?rest_route=\/wp\/v2\/pages\/10\/revisions"}],"predecessor-version":[{"id":330,"href":"https:\/\/wichtelhaus-online.de\/index.php?rest_route=\/wp\/v2\/pages\/10\/revisions\/330"}],"wp:attachment":[{"href":"https:\/\/wichtelhaus-online.de\/index.php?rest_route=%2Fwp%2Fv2%2Fmedia&parent=10"}],"curies":[{"name":"wp","href":"https:\/\/api.w.org\/{rel}","templated":true}]}}